{"id":2316,"date":"2015-01-13T09:40:49","date_gmt":"2015-01-13T09:40:49","guid":{"rendered":"https:\/\/zlatnik-lenard.sk\/domov\/"},"modified":"2025-05-02T08:19:44","modified_gmt":"2025-05-02T06:19:44","slug":"domov","status":"publish","type":"page","link":"https:\/\/zlatnik-lenard.sk\/hu\/","title":{"rendered":"Kezd\u0151lap"},"content":{"rendered":"<p><img decoding=\"async\" src=\"http:\/\/zlatnik-lenard.sk\/wp-content\/uploads\/2018\/05\/zlatnik-lenard-predaj.jpg\" alt=\"Zlatn\u00edk Lenard - Predaj\"><\/p>\n<p>Arany &amp; Ez\u00fcst<\/p>\n<p>Elad\u00e1s<\/p>\n<p><a href=\"https:\/\/zlatnik-lenard.sk\/hu\/szolgaltatasaink\/#eladas\">\/hu\/szolgaltatasaink\/#eladas<\/a><\/p>\n<p><img decoding=\"async\" src=\"http:\/\/zlatnik-lenard.sk\/wp-content\/uploads\/2018\/05\/zlatnik-lenard-vykup.jpg\" alt=\"Zlatn\u00edk Lenard - V\u00fdkup\"><\/p>\n<p>Jut\u00e1nyos \u00e1ron<\/p>\n<p>Felv\u00e1s\u00e1rl\u00e1s<\/p>\n<p><a href=\"https:\/\/zlatnik-lenard.sk\/hu\/szolgaltatasaink\/#felvasarlas\">\/hu\/szolgaltatasaink\/#felvasarlas<\/a><\/p>\n<p><img decoding=\"async\" src=\"http:\/\/zlatnik-lenard.sk\/wp-content\/uploads\/2018\/05\/zlatnik-lenard-opravy.jpg\" alt=\"Zlatn\u00edk Lenard - Opravy\"><\/p>\n<p>15 \u00e9ves tapasztalat<\/p>\n<p>\u00c9kszerjav\u00edt\u00e1s<\/p>\n<p><a href=\"https:\/\/zlatnik-lenard.sk\/hu\/szolgaltatasaink\/#ekszerjavitas\">\/hu\/szolgaltatasaink\/#ekszerjavitas<\/a><\/p>\n<p><img decoding=\"async\" src=\"http:\/\/zlatnik-lenard.sk\/wp-content\/uploads\/2018\/05\/zlatnik-lenard-zalozna.jpg\" alt=\"Zlatn\u00edk Lenard - Z\u00e1lo\u017e\u0148a\"><\/p>\n<p>Legkedvez\u0151bb kamatszint<\/p>\n<p>Z\u00e1logh\u00e1z<\/p>\n<p><a href=\"https:\/\/zlatnik-lenard.sk\/hu\/szolgaltatasaink\/#zaloghaz\">\/hu\/szolgaltatasaink\/#zaloghaz<\/a><\/p>\n<p>K\u00c9RD\u00c9SE VAN? \u00cdRJON NEK\u00dcNK<\/p>\n<h3 style=\"margin-bottom: 30px;\">K\u00c9RD\u00c9SE VAN? \u00cdRJON NEK\u00dcNK<\/h3>\n<p><div class=\"image_frame image_item no_link scale-with-grid aligncenter no_border\" ><div class=\"image_wrapper\"><img class=\"scale-with-grid\" src=\"\/wp-content\/uploads\/2015\/01\/home_jeweller_line_gold.png\" alt=\"\"   \/><\/div><\/div>\n<br \/>\n<hr class=\"no_line\" style=\"margin: 0 auto 30px;\"\/>\n<br \/>\n<div class=\"wpcf7 no-js\" id=\"wpcf7-f2376-o1\" lang=\"sk-SK\" dir=\"ltr\">\n<div class=\"screen-reader-response\"><p role=\"status\" aria-live=\"polite\" aria-atomic=\"true\"><\/p> <ul><\/ul><\/div>\n<form action=\"\/hu\/wp-json\/wp\/v2\/pages\/2316#wpcf7-f2376-o1\" method=\"post\" class=\"wpcf7-form init\" aria-label=\"Contact form\" novalidate=\"novalidate\" data-status=\"init\">\n<div style=\"display: none;\">\n<input type=\"hidden\" name=\"_wpcf7\" value=\"2376\" \/>\n<input type=\"hidden\" name=\"_wpcf7_version\" value=\"5.7.2\" \/>\n<input type=\"hidden\" name=\"_wpcf7_locale\" value=\"sk_SK\" \/>\n<input type=\"hidden\" name=\"_wpcf7_unit_tag\" value=\"wpcf7-f2376-o1\" \/>\n<input type=\"hidden\" name=\"_wpcf7_container_post\" value=\"0\" \/>\n<input type=\"hidden\" name=\"_wpcf7_posted_data_hash\" value=\"\" \/>\n<input type=\"hidden\" name=\"_wpcf7_recaptcha_response\" value=\"\" \/>\n<\/div>\n<div class=\"column one-second\">\n\t<p><span class=\"wpcf7-form-control-wrap\" data-name=\"your-name\"><input size=\"40\" class=\"wpcf7-form-control wpcf7-text wpcf7-validates-as-required\" aria-required=\"true\" aria-invalid=\"false\" placeholder=\"N\u00e9v\" value=\"\" type=\"text\" name=\"your-name\" \/><\/span>\n\t<\/p>\n<\/div>\n<div class=\"column one-second\">\n\t<p><span class=\"wpcf7-form-control-wrap\" data-name=\"your-email\"><input size=\"40\" class=\"wpcf7-form-control wpcf7-text wpcf7-email wpcf7-validates-as-required wpcf7-validates-as-email\" aria-required=\"true\" aria-invalid=\"false\" placeholder=\"E-mail\" value=\"\" type=\"email\" name=\"your-email\" \/><\/span>\n\t<\/p>\n<\/div>\n<div class=\"column one\">\n\t<p><span class=\"wpcf7-form-control-wrap\" data-name=\"your-subject\"><input size=\"40\" class=\"wpcf7-form-control wpcf7-text\" aria-invalid=\"false\" placeholder=\"T\u00e1rgy\" value=\"\" type=\"text\" name=\"your-subject\" \/><\/span>\n\t<\/p>\n<\/div>\n<div class=\"column one\">\n\t<p><span class=\"wpcf7-form-control-wrap\" data-name=\"your-message\"><textarea cols=\"40\" rows=\"5\" class=\"wpcf7-form-control wpcf7-textarea\" aria-invalid=\"false\" placeholder=\"\u00dczenet\" name=\"your-message\"><\/textarea><\/span>\n\t<\/p>\n<\/div>\n<div class=\"column one align_left\">\n\t<p><span class=\"wpcf7-form-control-wrap\" data-name=\"suhlas-gdpr\"><span class=\"wpcf7-form-control wpcf7-acceptance\"><span class=\"wpcf7-list-item\"><label><input type=\"checkbox\" name=\"suhlas-gdpr\" value=\"1\" aria-invalid=\"false\" \/><span class=\"wpcf7-list-item-label\">Kijelentem, hogy megismertem \u00e9s elfogadtam az <a href=\"\/ochrana-osobnych-udajov\/\" target=\"_blank\">Adatv\u00e9delmi nyilatkozat<\/a> rendelkez\u00e9seit.<\/span><\/label><\/span><\/span><\/span>\n\t<\/p>\n<\/div>\n<div class=\"column one\">\n\t<p class=\"recapcha-text mb-0\">Ezt a webhelyet a reCAPTCHA \u00e9s a Google <a href=\"https:\/\/policies.google.com\/privacy\" target=\"_Blank\">adatv\u00e9delmi ir\u00e1nyelvei<\/a> \u00e9s az <a href=\"https:\/\/policies.google.com\/terms\" target=\"_Blank\">\u00c1ltal\u00e1nos Szerz\u0151d\u00e9si Felt\u00e9telek<\/a> \u00e9rv\u00e9nyesek.\n\t<\/p>\n<\/div>\n<div class=\"column one\">\n\t<p><input class=\"wpcf7-form-control has-spinner wpcf7-submit button_full_width\" type=\"submit\" value=\"K\u00fcld\u00e9s\" \/>\n\t<\/p>\n<\/div><div class=\"wpcf7-response-output\" aria-hidden=\"true\"><\/div><\/form><\/div><\/p>\n<p>center<\/p>\n<p>no-repeat;center top;;<\/p>\n<p>auto<\/p>\n<p>40px 8%<\/p>\n<p>Aj\u00e1nd\u00e9kozzon \u00f6r\u00f6m\u00f6t<\/p>\n<p><hr class=\"no_line\" style=\"margin: 0 auto 80px;\"\/>\n<br \/>\n<div class=\"image_frame image_item no_link scale-with-grid aligncenter no_border\" ><div class=\"image_wrapper\"><img class=\"scale-with-grid\" src=\"\/wp-content\/uploads\/2018\/05\/zlatnik-lenard-prsten3.png\" alt=\"\"   \/><\/div><\/div>\n<br \/>\n<hr class=\"no_line\" style=\"margin: 0 auto 30px;\"\/>\n<\/p>\n<h3 style=\"margin-bottom: 30px;\">AJ\u00c1ND\u00c9KOZZON \u00d6R\u00d6M\u00d6T<\/h3>\n<p><div class=\"image_frame image_item no_link scale-with-grid aligncenter no_border\" ><div class=\"image_wrapper\"><img class=\"scale-with-grid\" src=\"\/wp-content\/uploads\/2015\/01\/home_jeweller_line_gold.png\" alt=\"\"   \/><\/div><\/div>\n<br \/>\n<hr class=\"no_line\" style=\"margin: 0 auto 30px;\"\/>\n<\/p>\n<p style=\"margin-bottom: 30px;\">Arany \u00e9s ez\u00fcst \u00e9kszerek sz\u00e9les sk\u00e1l\u00e1ja v\u00e1r minden \u00e9rdekl\u0151d\u0151t kedvez\u0151 \u00e1ron. K\u00edn\u00e1latunkban megtal\u00e1lhat\u00f3ak a term\u00e9szetes \u00e1sv\u00e1nyi k\u00f6vekkel d\u00edsz\u00edtett \u00e9kszerek, f\u0151k\u00e9nt gy\u00e9m\u00e1nt (brili\u00e1ns) \u00e9kszerek.<\/p>\n<p>center<\/p>\n<p>no-repeat;center top;;<\/p>\n<p>auto<\/p>\n<p>50px 8% 40px<\/p>\n<p>C\u00e9gbemutat\u00f3<\/p>\n<h3 style=\"margin-bottom: 30px;text-transform:uppercase;\">C\u00e9gbemutat\u00f3<\/h3>\n<p><div class=\"image_frame image_item no_link scale-with-grid aligncenter no_border\" ><div class=\"image_wrapper\"><img class=\"scale-with-grid\" src=\"\/wp-content\/uploads\/2015\/01\/home_jeweller_line_gold.png\" alt=\"\"   \/><\/div><\/div>\n<br \/>\n<hr class=\"no_line\" style=\"margin: 0 auto 30px;\"\/>\n<\/p>\n<p style=\"margin-bottom: 30px;\">\u00d6r\u00f6mmel mutatjuk be \u00d6n\u00f6knek az \u00e9rsek\u00fajv\u00e1ri (Nov\u00e9 Z\u00e1mky) Zlatn\u00edk \u2013 Lenard. v\u00e1llalkoz\u00e1st, amely 2002 \u00f3ta \u00e1ll v\u00e1s\u00e1rl\u00f3ink rendelkez\u00e9s\u00e9re. Dinamikusan fejl\u0151d\u0151 c\u00e9g\u00fcnk, arany \u00e9s ez\u00fcst \u00e9kszerek \u00e1rus\u00edt\u00e1s\u00e1val, felv\u00e1s\u00e1rl\u00e1s\u00e1val, jav\u00edt\u00e1s\u00e1val \u00e9s z\u00e1logos\u00edt\u00e1s\u00e1val foglalkozik. T\u00f6bb \u00e9ves szakmai tapasztalattal a h\u00e1tunk m\u00f6g\u00f6tt, folyamatosan igyeksz\u00fcnk t\u00f6k\u00e9letes\u00edteni \u00e9s b\u0151v\u00edteni szolg\u00e1ltat\u00e1sainkat. C\u00e9lunk, hogy min\u0151s\u00e9gi szolg\u00e1ltat\u00e1sokat k\u00edn\u00e1ljunk \u00fcgyfeleink \u00e9s \u00fczleti partnereink sz\u00e1m\u00e1ra.<\/p>\n<a class=\"button  button_size_2 button_theme button_js\" href=\"\/hu\/cegbemutato\/\"     ><span class=\"button_label\">TUDJON MEG T\u00d6BBET<\/span><\/a>\n\n<p>center<\/p>\n<p>no-repeat;center top;;<\/p>\n<p>auto<\/p>\n<p>40px 8%<\/p>\n<h2>az \u00e9kszer nem csup\u00e1n harmonikusan eg\u00e9sz\u00edti ki megjelen\u00e9s\u00fcnket<br \/>\n\u00e9s szem\u00e9lyis\u00e9g\u00fcnket, hanem j\u00f3 befektet\u00e9s is egyben<\/h2>\n<p>center<\/p>\n<p>no-repeat;center top;;<\/p>\n<p>auto<\/p>\n","protected":false},"excerpt":{"rendered":"<p>Arany &amp; Ez\u00fcst Elad\u00e1s \/hu\/szolgaltatasaink\/#eladas Jut\u00e1nyos \u00e1ron Felv\u00e1s\u00e1rl\u00e1s \/hu\/szolgaltatasaink\/#felvasarlas 15 \u00e9ves tapasztalat \u00c9kszerjav\u00edt\u00e1s \/hu\/szolgaltatasaink\/#ekszerjavitas Legkedvez\u0151bb kamatszint Z\u00e1logh\u00e1z \/hu\/szolgaltatasaink\/#zaloghaz K\u00c9RD\u00c9SE VAN? \u00cdRJON NEK\u00dcNK K\u00c9RD\u00c9SE VAN? \u00cdRJON NEK\u00dcNK<span class=\"excerpt-hellip\"> [\u2026]<\/span><\/p>\n","protected":false},"author":1,"featured_media":0,"parent":0,"menu_order":0,"comment_status":"closed","ping_status":"closed","template":"","meta":[],"_links":{"self":[{"href":"https:\/\/zlatnik-lenard.sk\/hu\/wp-json\/wp\/v2\/pages\/2316"}],"collection":[{"href":"https:\/\/zlatnik-lenard.sk\/hu\/wp-json\/wp\/v2\/pages"}],"about":[{"href":"https:\/\/zlatnik-lenard.sk\/hu\/wp-json\/wp\/v2\/types\/page"}],"author":[{"embeddable":true,"href":"https:\/\/zlatnik-lenard.sk\/hu\/wp-json\/wp\/v2\/users\/1"}],"replies":[{"embeddable":true,"href":"https:\/\/zlatnik-lenard.sk\/hu\/wp-json\/wp\/v2\/comments?post=2316"}],"version-history":[{"count":6,"href":"https:\/\/zlatnik-lenard.sk\/hu\/wp-json\/wp\/v2\/pages\/2316\/revisions"}],"predecessor-version":[{"id":2508,"href":"https:\/\/zlatnik-lenard.sk\/hu\/wp-json\/wp\/v2\/pages\/2316\/revisions\/2508"}],"wp:attachment":[{"href":"https:\/\/zlatnik-lenard.sk\/hu\/wp-json\/wp\/v2\/media?parent=2316"}],"curies":[{"name":"wp","href":"https:\/\/api.w.org\/{rel}","templated":true}]}}